{"id":11016,"date":"2024-04-11T12:07:00","date_gmt":"2024-04-11T12:07:00","guid":{"rendered":"https:\/\/tiendasolidaria.fundabem.es\/?page_id=11016"},"modified":"2024-04-15T11:44:34","modified_gmt":"2024-04-15T11:44:34","slug":"inicio","status":"publish","type":"page","link":"https:\/\/tiendasolidaria.fundabem.es\/","title":{"rendered":"Inicio"},"content":{"rendered":"\t\t<div data-elementor-type=\"wp-page\" data-elementor-id=\"11016\" class=\"elementor elementor-11016\">\n\t\t\t\t<div class=\"elementor-element elementor-element-22effc8 e-con-full e-grid e-con e-parent\" data-id=\"22effc8\" data-element_type=\"container\" data-core-v316-plus=\"true\">\n\t\t\t\t<div class=\"elementor-element elementor-element-2f99e3c elementor-widget elementor-widget-text-editor\" data-id=\"2f99e3c\" data-element_type=\"widget\" data-widget_type=\"text-editor.default\">\n\t\t\t\t<div class=\"elementor-widget-container\">\n\t\t\t<style>\/*! elementor - v3.20.0 - 10-04-2024 *\/\n.elementor-widget-text-editor.elementor-drop-cap-view-stacked .elementor-drop-cap{background-color:#69727d;color:#fff}.elementor-widget-text-editor.elementor-drop-cap-view-framed .elementor-drop-cap{color:#69727d;border:3px solid;background-color:transparent}.elementor-widget-text-editor:not(.elementor-drop-cap-view-default) .elementor-drop-cap{margin-top:8px}.elementor-widget-text-editor:not(.elementor-drop-cap-view-default) .elementor-drop-cap-letter{width:1em;height:1em}.elementor-widget-text-editor .elementor-drop-cap{float:left;text-align:center;line-height:1;font-size:50px}.elementor-widget-text-editor .elementor-drop-cap-letter{display:inline-block}<\/style>\t\t\t\t<h1><img decoding=\"async\" src=\"https:\/\/tiendasolidaria.fundabem.es\/wp-content\/uploads\/2024\/04\/Acceder-900-x-240-px-300x80.png\" alt=\"\" width=\"300\" height=\"80\"><\/h1>\n<div>Nuestros productos los elaboran personas con discapacidad intelectual en uno de nuestros talleres ocupacionales, est\u00e1n&nbsp; realizados 100% a mano. Cada uno de nuestros art\u00edculos son \u00fanicos, son detalles con alma.<\/div>\n<div>A todos los pedidos les acompa\u00f1a una tarjeta dedicada personalmente por una de las personas con discapacidad que ha participado en su elaboraci\u00f3n.<\/div>\n<div>Todos los productos son personalizables, aqu\u00ed solo te mostramos un ejemplo de lo que podemos hacer. S\u00edguenos en redes podr\u00e1s ver muchos m\u00e1s..<\/div>\n<div>&nbsp;<\/div>\n<h2>Si quieres contactar con nosotros no dudes en mandar un WhatsApp al: 634611107 o bien mandar un correo a&nbsp;<a href=\"mailto:co4@fundabem.es\" target=\"_blank\" rel=\"noopener\">co4@fundabem.es<\/a><\/h2>\n<div>Si eres de \u00c1vila o pasas por \u00c1vila, visita nuestra tienda &#8220;Volver\u00e9&#8221; ubicada en la C\/Comandante Albarr\u00e1n, 4.&nbsp; All\u00ed podr\u00e1s encontrar buena parte de nuestro cat\u00e1logo y prendas de vestir de calidad second hand.<\/div>\n<div>&nbsp;<\/div>\n<div><a href=\"https:\/\/www.google.es\/maps\/place\/Volver%C3%A9+second+hand\/@40.6545403,-4.6973085,17z\/data=!3m1!4b1!4m6!3m5!1s0xd40f3beb4b0f827:0x6412bdd0c91f2430!8m2!3d40.6545363!4d-4.6947336!16s%2Fg%2F11y2btqsql?entry=ttu\" target=\"_blank\" rel=\"noopener\">Pincha aqu\u00ed para ver la ubicaci\u00f3n.<\/a><\/div>\n<div>&nbsp;<\/div>\n<div>GRACIAS POR APOYARNOS CON TU COMPRA.<\/div>\n<p><a href=\"https:\/\/tiendasolidaria.fundabem.es\/?page_id=10\"><img decoding=\"async\" src=\"https:\/\/tiendasolidaria.fundabem.es\/wp-content\/uploads\/2024\/04\/Acceder-1-300x120.png\" alt=\"\" width=\"190\" height=\"76\"><\/a><\/p>\t\t\t\t\t\t<\/div>\n\t\t\t\t<\/div>\n\t\t\t\t<div class=\"elementor-element elementor-element-18cb219 elementor-widget elementor-widget-image\" data-id=\"18cb219\" data-element_type=\"widget\" data-widget_type=\"image.default\">\n\t\t\t\t<div class=\"elementor-widget-container\">\n\t\t\t<style>\/*! elementor - v3.20.0 - 10-04-2024 *\/\n.elementor-widget-image{text-align:center}.elementor-widget-image a{display:inline-block}.elementor-widget-image a img[src$=\".svg\"]{width:48px}.elementor-widget-image img{vertical-align:middle;display:inline-block}<\/style>\t\t\t\t\t\t\t\t\t\t<img decoding=\"async\" src=\"https:\/\/tiendasolidaria.fundabem.es\/wp-content\/uploads\/elementor\/thumbs\/portada-qmqi35bqbucmrxneufpjag9pzl3gtvj2b4v1cojhqg.jpg\" title=\"portada\" alt=\"portada\" loading=\"lazy\" \/>\t\t\t\t\t\t\t\t\t\t\t\t\t<\/div>\n\t\t\t\t<\/div>\n\t\t\t\t<\/div>\n\t\t\t\t<\/div>\n\t\t","protected":false},"excerpt":{"rendered":"<p>Nuestros productos los elaboran personas con discapacidad intelectual en uno de nuestros talleres ocupacionales, est\u00e1n&nbsp; realizados 100% a mano. Cada uno de nuestros art\u00edculos son \u00fanicos, son detalles con alma. A todos los pedidos les acompa\u00f1a una tarjeta dedicada personalmente por una de las personas con discapacidad que ha participado en su elaboraci\u00f3n. Todos los &hellip;<\/p>\n","protected":false},"author":1,"featured_media":0,"parent":0,"menu_order":0,"comment_status":"closed","ping_status":"closed","template":"","meta":{"footnotes":""},"class_list":["post-11016","page","type-page","status-publish","hentry"],"yoast_head":"<!-- This site is optimized with the Yoast SEO plugin v22.6 - https:\/\/yoast.com\/wordpress\/plugins\/seo\/ -->\n<title>Inicio - Tienda solidaria Fundabem<\/title>\n<meta name=\"robots\" content=\"index, follow, max-snippet:-1, max-image-preview:large, max-video-preview:-1\" \/>\n<link rel=\"canonical\" href=\"https:\/\/tiendasolidaria.fundabem.es\/\" \/>\n<meta property=\"og:locale\" content=\"es_ES\" \/>\n<meta property=\"og:type\" content=\"article\" \/>\n<meta property=\"og:title\" content=\"Inicio - Tienda solidaria Fundabem\" \/>\n<meta property=\"og:description\" content=\"Nuestros productos los elaboran personas con discapacidad intelectual en uno de nuestros talleres ocupacionales, est\u00e1n&nbsp; realizados 100% a mano. Cada uno de nuestros art\u00edculos son \u00fanicos, son detalles con alma. A todos los pedidos les acompa\u00f1a una tarjeta dedicada personalmente por una de las personas con discapacidad que ha participado en su elaboraci\u00f3n. Todos los &hellip;\" \/>\n<meta property=\"og:url\" content=\"https:\/\/tiendasolidaria.fundabem.es\/\" \/>\n<meta property=\"og:site_name\" content=\"Tienda solidaria Fundabem\" \/>\n<meta property=\"article:publisher\" content=\"https:\/\/www.facebook.com\/Fundabem-vila-102062591185727\/\" \/>\n<meta property=\"article:modified_time\" content=\"2024-04-15T11:44:34+00:00\" \/>\n<meta property=\"og:image\" content=\"https:\/\/tiendasolidaria.fundabem.es\/wp-content\/uploads\/2024\/04\/Acceder-900-x-240-px-300x80.png\" \/>\n<meta name=\"twitter:card\" content=\"summary_large_image\" \/>\n<meta name=\"twitter:site\" content=\"@fundabem_avila\" \/>\n<meta name=\"twitter:label1\" content=\"Tiempo de lectura\" \/>\n\t<meta name=\"twitter:data1\" content=\"1 minuto\" \/>\n<script type=\"application\/ld+json\" class=\"yoast-schema-graph\">{\"@context\":\"https:\/\/schema.org\",\"@graph\":[{\"@type\":\"WebPage\",\"@id\":\"https:\/\/tiendasolidaria.fundabem.es\/\",\"url\":\"https:\/\/tiendasolidaria.fundabem.es\/\",\"name\":\"Inicio - Tienda solidaria Fundabem\",\"isPartOf\":{\"@id\":\"https:\/\/tiendasolidaria.fundabem.es\/#website\"},\"primaryImageOfPage\":{\"@id\":\"https:\/\/tiendasolidaria.fundabem.es\/#primaryimage\"},\"image\":{\"@id\":\"https:\/\/tiendasolidaria.fundabem.es\/#primaryimage\"},\"thumbnailUrl\":\"https:\/\/tiendasolidaria.fundabem.es\/wp-content\/uploads\/2024\/04\/Acceder-900-x-240-px-300x80.png\",\"datePublished\":\"2024-04-11T12:07:00+00:00\",\"dateModified\":\"2024-04-15T11:44:34+00:00\",\"breadcrumb\":{\"@id\":\"https:\/\/tiendasolidaria.fundabem.es\/#breadcrumb\"},\"inLanguage\":\"es\",\"potentialAction\":[{\"@type\":\"ReadAction\",\"target\":[\"https:\/\/tiendasolidaria.fundabem.es\/\"]}]},{\"@type\":\"ImageObject\",\"inLanguage\":\"es\",\"@id\":\"https:\/\/tiendasolidaria.fundabem.es\/#primaryimage\",\"url\":\"https:\/\/tiendasolidaria.fundabem.es\/wp-content\/uploads\/2024\/04\/Acceder-900-x-240-px.png\",\"contentUrl\":\"https:\/\/tiendasolidaria.fundabem.es\/wp-content\/uploads\/2024\/04\/Acceder-900-x-240-px.png\",\"width\":900,\"height\":240},{\"@type\":\"BreadcrumbList\",\"@id\":\"https:\/\/tiendasolidaria.fundabem.es\/#breadcrumb\",\"itemListElement\":[{\"@type\":\"ListItem\",\"position\":1,\"name\":\"Portada\",\"item\":\"https:\/\/tiendasolidaria.fundabem.es\/\"},{\"@type\":\"ListItem\",\"position\":2,\"name\":\"Inicio\"}]},{\"@type\":\"WebSite\",\"@id\":\"https:\/\/tiendasolidaria.fundabem.es\/#website\",\"url\":\"https:\/\/tiendasolidaria.fundabem.es\/\",\"name\":\"Tienda solidaria Fundabem\",\"description\":\"Tienda solidaria Fundabem\",\"publisher\":{\"@id\":\"https:\/\/tiendasolidaria.fundabem.es\/#organization\"},\"potentialAction\":[{\"@type\":\"SearchAction\",\"target\":{\"@type\":\"EntryPoint\",\"urlTemplate\":\"https:\/\/tiendasolidaria.fundabem.es\/?s={search_term_string}\"},\"query-input\":\"required name=search_term_string\"}],\"inLanguage\":\"es\"},{\"@type\":\"Organization\",\"@id\":\"https:\/\/tiendasolidaria.fundabem.es\/#organization\",\"name\":\"Tienda solidaria Fundabem\",\"url\":\"https:\/\/tiendasolidaria.fundabem.es\/\",\"logo\":{\"@type\":\"ImageObject\",\"inLanguage\":\"es\",\"@id\":\"https:\/\/tiendasolidaria.fundabem.es\/#\/schema\/logo\/image\/\",\"url\":\"https:\/\/tiendasolidaria.fundabem.es\/wp-content\/uploads\/2024\/05\/Fundabem_logo_principal_RGB-01.png\",\"contentUrl\":\"https:\/\/tiendasolidaria.fundabem.es\/wp-content\/uploads\/2024\/05\/Fundabem_logo_principal_RGB-01.png\",\"width\":1668,\"height\":1667,\"caption\":\"Tienda solidaria Fundabem\"},\"image\":{\"@id\":\"https:\/\/tiendasolidaria.fundabem.es\/#\/schema\/logo\/image\/\"},\"sameAs\":[\"https:\/\/www.facebook.com\/Fundabem-vila-102062591185727\/\",\"https:\/\/x.com\/fundabem_avila\",\"https:\/\/www.instagram.com\/fundabem_avila\/\"]}]}<\/script>\n<!-- \/ Yoast SEO plugin. -->","yoast_head_json":{"title":"Inicio - Tienda solidaria Fundabem","robots":{"index":"index","follow":"follow","max-snippet":"max-snippet:-1","max-image-preview":"max-image-preview:large","max-video-preview":"max-video-preview:-1"},"canonical":"https:\/\/tiendasolidaria.fundabem.es\/","og_locale":"es_ES","og_type":"article","og_title":"Inicio - Tienda solidaria Fundabem","og_description":"Nuestros productos los elaboran personas con discapacidad intelectual en uno de nuestros talleres ocupacionales, est\u00e1n&nbsp; realizados 100% a mano. Cada uno de nuestros art\u00edculos son \u00fanicos, son detalles con alma. A todos los pedidos les acompa\u00f1a una tarjeta dedicada personalmente por una de las personas con discapacidad que ha participado en su elaboraci\u00f3n. Todos los &hellip;","og_url":"https:\/\/tiendasolidaria.fundabem.es\/","og_site_name":"Tienda solidaria Fundabem","article_publisher":"https:\/\/www.facebook.com\/Fundabem-vila-102062591185727\/","article_modified_time":"2024-04-15T11:44:34+00:00","og_image":[{"url":"https:\/\/tiendasolidaria.fundabem.es\/wp-content\/uploads\/2024\/04\/Acceder-900-x-240-px-300x80.png"}],"twitter_card":"summary_large_image","twitter_site":"@fundabem_avila","twitter_misc":{"Tiempo de lectura":"1 minuto"},"schema":{"@context":"https:\/\/schema.org","@graph":[{"@type":"WebPage","@id":"https:\/\/tiendasolidaria.fundabem.es\/","url":"https:\/\/tiendasolidaria.fundabem.es\/","name":"Inicio - Tienda solidaria Fundabem","isPartOf":{"@id":"https:\/\/tiendasolidaria.fundabem.es\/#website"},"primaryImageOfPage":{"@id":"https:\/\/tiendasolidaria.fundabem.es\/#primaryimage"},"image":{"@id":"https:\/\/tiendasolidaria.fundabem.es\/#primaryimage"},"thumbnailUrl":"https:\/\/tiendasolidaria.fundabem.es\/wp-content\/uploads\/2024\/04\/Acceder-900-x-240-px-300x80.png","datePublished":"2024-04-11T12:07:00+00:00","dateModified":"2024-04-15T11:44:34+00:00","breadcrumb":{"@id":"https:\/\/tiendasolidaria.fundabem.es\/#breadcrumb"},"inLanguage":"es","potentialAction":[{"@type":"ReadAction","target":["https:\/\/tiendasolidaria.fundabem.es\/"]}]},{"@type":"ImageObject","inLanguage":"es","@id":"https:\/\/tiendasolidaria.fundabem.es\/#primaryimage","url":"https:\/\/tiendasolidaria.fundabem.es\/wp-content\/uploads\/2024\/04\/Acceder-900-x-240-px.png","contentUrl":"https:\/\/tiendasolidaria.fundabem.es\/wp-content\/uploads\/2024\/04\/Acceder-900-x-240-px.png","width":900,"height":240},{"@type":"BreadcrumbList","@id":"https:\/\/tiendasolidaria.fundabem.es\/#breadcrumb","itemListElement":[{"@type":"ListItem","position":1,"name":"Portada","item":"https:\/\/tiendasolidaria.fundabem.es\/"},{"@type":"ListItem","position":2,"name":"Inicio"}]},{"@type":"WebSite","@id":"https:\/\/tiendasolidaria.fundabem.es\/#website","url":"https:\/\/tiendasolidaria.fundabem.es\/","name":"Tienda solidaria Fundabem","description":"Tienda solidaria Fundabem","publisher":{"@id":"https:\/\/tiendasolidaria.fundabem.es\/#organization"},"potentialAction":[{"@type":"SearchAction","target":{"@type":"EntryPoint","urlTemplate":"https:\/\/tiendasolidaria.fundabem.es\/?s={search_term_string}"},"query-input":"required name=search_term_string"}],"inLanguage":"es"},{"@type":"Organization","@id":"https:\/\/tiendasolidaria.fundabem.es\/#organization","name":"Tienda solidaria Fundabem","url":"https:\/\/tiendasolidaria.fundabem.es\/","logo":{"@type":"ImageObject","inLanguage":"es","@id":"https:\/\/tiendasolidaria.fundabem.es\/#\/schema\/logo\/image\/","url":"https:\/\/tiendasolidaria.fundabem.es\/wp-content\/uploads\/2024\/05\/Fundabem_logo_principal_RGB-01.png","contentUrl":"https:\/\/tiendasolidaria.fundabem.es\/wp-content\/uploads\/2024\/05\/Fundabem_logo_principal_RGB-01.png","width":1668,"height":1667,"caption":"Tienda solidaria Fundabem"},"image":{"@id":"https:\/\/tiendasolidaria.fundabem.es\/#\/schema\/logo\/image\/"},"sameAs":["https:\/\/www.facebook.com\/Fundabem-vila-102062591185727\/","https:\/\/x.com\/fundabem_avila","https:\/\/www.instagram.com\/fundabem_avila\/"]}]}},"_links":{"self":[{"href":"https:\/\/tiendasolidaria.fundabem.es\/index.php?rest_route=\/wp\/v2\/pages\/11016","targetHints":{"allow":["GET"]}}],"collection":[{"href":"https:\/\/tiendasolidaria.fundabem.es\/index.php?rest_route=\/wp\/v2\/pages"}],"about":[{"href":"https:\/\/tiendasolidaria.fundabem.es\/index.php?rest_route=\/wp\/v2\/types\/page"}],"author":[{"embeddable":true,"href":"https:\/\/tiendasolidaria.fundabem.es\/index.php?rest_route=\/wp\/v2\/users\/1"}],"replies":[{"embeddable":true,"href":"https:\/\/tiendasolidaria.fundabem.es\/index.php?rest_route=%2Fwp%2Fv2%2Fcomments&post=11016"}],"version-history":[{"count":45,"href":"https:\/\/tiendasolidaria.fundabem.es\/index.php?rest_route=\/wp\/v2\/pages\/11016\/revisions"}],"predecessor-version":[{"id":11152,"href":"https:\/\/tiendasolidaria.fundabem.es\/index.php?rest_route=\/wp\/v2\/pages\/11016\/revisions\/11152"}],"wp:attachment":[{"href":"https:\/\/tiendasolidaria.fundabem.es\/index.php?rest_route=%2Fwp%2Fv2%2Fmedia&parent=11016"}],"curies":[{"name":"wp","href":"https:\/\/api.w.org\/{rel}","templated":true}]}}