{"id":11153,"date":"2024-04-15T11:50:41","date_gmt":"2024-04-15T11:50:41","guid":{"rendered":"https:\/\/tiendasolidaria.fundabem.es\/?post_type=product&#038;p=11153"},"modified":"2024-04-15T11:50:41","modified_gmt":"2024-04-15T11:50:41","slug":"mochila-loneta-2","status":"publish","type":"product","link":"https:\/\/tiendasolidaria.fundabem.es\/?product=mochila-loneta-2","title":{"rendered":"Mochila Loneta 2"},"content":{"rendered":"<p>\u00bfQuieres tener un peque\u00f1o detalle con esa persona tan especial? Regala este bonito llavero personalizable<\/p>\n<p>Todos nuestros productos est\u00e1n hechos a mano por personas con discapacidad. Ayudamos a trabajar por la igualdad y la inclusi\u00f3n de las personas con discapacidad.<\/p>\n","protected":false},"excerpt":{"rendered":"<p>\u00bfQuieres tener un peque\u00f1o detalle con esa persona tan especial? Regala este bonito llavero personalizable Todos nuestros productos est\u00e1n hechos a mano por personas con discapacidad. Ayudamos a trabajar por la igualdad y la inclusi\u00f3n de las personas con discapacidad.<\/p>\n","protected":false},"featured_media":243,"comment_status":"open","ping_status":"closed","template":"","meta":[],"product_cat":[156],"product_tag":[],"class_list":{"0":"post-11153","1":"product","2":"type-product","3":"status-publish","4":"has-post-thumbnail","6":"product_cat-bolsos","8":"first","9":"instock","10":"taxable","11":"shipping-taxable","12":"purchasable","13":"product-type-simple"},"yoast_head":"<!-- This site is optimized with the Yoast SEO plugin v22.6 - https:\/\/yoast.com\/wordpress\/plugins\/seo\/ -->\n<title>Mochila Loneta 2 - Tienda solidaria Fundabem<\/title>\n<meta name=\"robots\" content=\"index, follow, max-snippet:-1, max-image-preview:large, max-video-preview:-1\" \/>\n<link rel=\"canonical\" href=\"https:\/\/tiendasolidaria.fundabem.es\/?product=mochila-loneta-2\" \/>\n<meta property=\"og:locale\" content=\"es_ES\" \/>\n<meta property=\"og:type\" content=\"article\" \/>\n<meta property=\"og:title\" content=\"Mochila Loneta 2 - Tienda solidaria Fundabem\" \/>\n<meta property=\"og:description\" content=\"\u00bfQuieres tener un peque\u00f1o detalle con esa persona tan especial? Regala este bonito llavero personalizable Todos nuestros productos est\u00e1n hechos a mano por personas con discapacidad. Ayudamos a trabajar por la igualdad y la inclusi\u00f3n de las personas con discapacidad.\" \/>\n<meta property=\"og:url\" content=\"https:\/\/tiendasolidaria.fundabem.es\/?product=mochila-loneta-2\" \/>\n<meta property=\"og:site_name\" content=\"Tienda solidaria Fundabem\" \/>\n<meta property=\"article:publisher\" content=\"https:\/\/www.facebook.com\/Fundabem-vila-102062591185727\/\" \/>\n<meta property=\"og:image\" content=\"https:\/\/tiendasolidaria.fundabem.es\/wp-content\/uploads\/2024\/03\/photo_6005740061368368513_y-removebg-preview.png\" \/>\n\t<meta property=\"og:image:width\" content=\"577\" \/>\n\t<meta property=\"og:image:height\" content=\"433\" \/>\n\t<meta property=\"og:image:type\" content=\"image\/png\" \/>\n<meta name=\"twitter:card\" content=\"summary_large_image\" \/>\n<meta name=\"twitter:site\" content=\"@fundabem_avila\" \/>\n<script type=\"application\/ld+json\" class=\"yoast-schema-graph\">{\"@context\":\"https:\/\/schema.org\",\"@graph\":[{\"@type\":\"WebPage\",\"@id\":\"https:\/\/tiendasolidaria.fundabem.es\/?product=mochila-loneta-2\",\"url\":\"https:\/\/tiendasolidaria.fundabem.es\/?product=mochila-loneta-2\",\"name\":\"Mochila Loneta 2 - Tienda solidaria Fundabem\",\"isPartOf\":{\"@id\":\"https:\/\/tiendasolidaria.fundabem.es\/#website\"},\"primaryImageOfPage\":{\"@id\":\"https:\/\/tiendasolidaria.fundabem.es\/?product=mochila-loneta-2#primaryimage\"},\"image\":{\"@id\":\"https:\/\/tiendasolidaria.fundabem.es\/?product=mochila-loneta-2#primaryimage\"},\"thumbnailUrl\":\"https:\/\/tiendasolidaria.fundabem.es\/wp-content\/uploads\/2024\/03\/photo_6005740061368368513_y-removebg-preview.png\",\"datePublished\":\"2024-04-15T11:50:41+00:00\",\"dateModified\":\"2024-04-15T11:50:41+00:00\",\"breadcrumb\":{\"@id\":\"https:\/\/tiendasolidaria.fundabem.es\/?product=mochila-loneta-2#breadcrumb\"},\"inLanguage\":\"es\",\"potentialAction\":[{\"@type\":\"ReadAction\",\"target\":[\"https:\/\/tiendasolidaria.fundabem.es\/?product=mochila-loneta-2\"]}]},{\"@type\":\"ImageObject\",\"inLanguage\":\"es\",\"@id\":\"https:\/\/tiendasolidaria.fundabem.es\/?product=mochila-loneta-2#primaryimage\",\"url\":\"https:\/\/tiendasolidaria.fundabem.es\/wp-content\/uploads\/2024\/03\/photo_6005740061368368513_y-removebg-preview.png\",\"contentUrl\":\"https:\/\/tiendasolidaria.fundabem.es\/wp-content\/uploads\/2024\/03\/photo_6005740061368368513_y-removebg-preview.png\",\"width\":577,\"height\":433},{\"@type\":\"BreadcrumbList\",\"@id\":\"https:\/\/tiendasolidaria.fundabem.es\/?product=mochila-loneta-2#breadcrumb\",\"itemListElement\":[{\"@type\":\"ListItem\",\"position\":1,\"name\":\"Portada\",\"item\":\"https:\/\/tiendasolidaria.fundabem.es\/\"},{\"@type\":\"ListItem\",\"position\":2,\"name\":\"Shop\",\"item\":\"https:\/\/tiendasolidaria.fundabem.es\/?page_id=10\"},{\"@type\":\"ListItem\",\"position\":3,\"name\":\"Mochila Loneta 2\"}]},{\"@type\":\"WebSite\",\"@id\":\"https:\/\/tiendasolidaria.fundabem.es\/#website\",\"url\":\"https:\/\/tiendasolidaria.fundabem.es\/\",\"name\":\"Tienda solidaria Fundabem\",\"description\":\"Tienda solidaria Fundabem\",\"publisher\":{\"@id\":\"https:\/\/tiendasolidaria.fundabem.es\/#organization\"},\"potentialAction\":[{\"@type\":\"SearchAction\",\"target\":{\"@type\":\"EntryPoint\",\"urlTemplate\":\"https:\/\/tiendasolidaria.fundabem.es\/?s={search_term_string}\"},\"query-input\":\"required name=search_term_string\"}],\"inLanguage\":\"es\"},{\"@type\":\"Organization\",\"@id\":\"https:\/\/tiendasolidaria.fundabem.es\/#organization\",\"name\":\"Tienda solidaria Fundabem\",\"url\":\"https:\/\/tiendasolidaria.fundabem.es\/\",\"logo\":{\"@type\":\"ImageObject\",\"inLanguage\":\"es\",\"@id\":\"https:\/\/tiendasolidaria.fundabem.es\/#\/schema\/logo\/image\/\",\"url\":\"https:\/\/tiendasolidaria.fundabem.es\/wp-content\/uploads\/2024\/05\/Fundabem_logo_principal_RGB-01.png\",\"contentUrl\":\"https:\/\/tiendasolidaria.fundabem.es\/wp-content\/uploads\/2024\/05\/Fundabem_logo_principal_RGB-01.png\",\"width\":1668,\"height\":1667,\"caption\":\"Tienda solidaria Fundabem\"},\"image\":{\"@id\":\"https:\/\/tiendasolidaria.fundabem.es\/#\/schema\/logo\/image\/\"},\"sameAs\":[\"https:\/\/www.facebook.com\/Fundabem-vila-102062591185727\/\",\"https:\/\/x.com\/fundabem_avila\",\"https:\/\/www.instagram.com\/fundabem_avila\/\"]}]}<\/script>\n<!-- \/ Yoast SEO plugin. -->","yoast_head_json":{"title":"Mochila Loneta 2 - Tienda solidaria Fundabem","robots":{"index":"index","follow":"follow","max-snippet":"max-snippet:-1","max-image-preview":"max-image-preview:large","max-video-preview":"max-video-preview:-1"},"canonical":"https:\/\/tiendasolidaria.fundabem.es\/?product=mochila-loneta-2","og_locale":"es_ES","og_type":"article","og_title":"Mochila Loneta 2 - Tienda solidaria Fundabem","og_description":"\u00bfQuieres tener un peque\u00f1o detalle con esa persona tan especial? Regala este bonito llavero personalizable Todos nuestros productos est\u00e1n hechos a mano por personas con discapacidad. Ayudamos a trabajar por la igualdad y la inclusi\u00f3n de las personas con discapacidad.","og_url":"https:\/\/tiendasolidaria.fundabem.es\/?product=mochila-loneta-2","og_site_name":"Tienda solidaria Fundabem","article_publisher":"https:\/\/www.facebook.com\/Fundabem-vila-102062591185727\/","og_image":[{"width":577,"height":433,"url":"https:\/\/tiendasolidaria.fundabem.es\/wp-content\/uploads\/2024\/03\/photo_6005740061368368513_y-removebg-preview.png","type":"image\/png"}],"twitter_card":"summary_large_image","twitter_site":"@fundabem_avila","schema":{"@context":"https:\/\/schema.org","@graph":[{"@type":"WebPage","@id":"https:\/\/tiendasolidaria.fundabem.es\/?product=mochila-loneta-2","url":"https:\/\/tiendasolidaria.fundabem.es\/?product=mochila-loneta-2","name":"Mochila Loneta 2 - Tienda solidaria Fundabem","isPartOf":{"@id":"https:\/\/tiendasolidaria.fundabem.es\/#website"},"primaryImageOfPage":{"@id":"https:\/\/tiendasolidaria.fundabem.es\/?product=mochila-loneta-2#primaryimage"},"image":{"@id":"https:\/\/tiendasolidaria.fundabem.es\/?product=mochila-loneta-2#primaryimage"},"thumbnailUrl":"https:\/\/tiendasolidaria.fundabem.es\/wp-content\/uploads\/2024\/03\/photo_6005740061368368513_y-removebg-preview.png","datePublished":"2024-04-15T11:50:41+00:00","dateModified":"2024-04-15T11:50:41+00:00","breadcrumb":{"@id":"https:\/\/tiendasolidaria.fundabem.es\/?product=mochila-loneta-2#breadcrumb"},"inLanguage":"es","potentialAction":[{"@type":"ReadAction","target":["https:\/\/tiendasolidaria.fundabem.es\/?product=mochila-loneta-2"]}]},{"@type":"ImageObject","inLanguage":"es","@id":"https:\/\/tiendasolidaria.fundabem.es\/?product=mochila-loneta-2#primaryimage","url":"https:\/\/tiendasolidaria.fundabem.es\/wp-content\/uploads\/2024\/03\/photo_6005740061368368513_y-removebg-preview.png","contentUrl":"https:\/\/tiendasolidaria.fundabem.es\/wp-content\/uploads\/2024\/03\/photo_6005740061368368513_y-removebg-preview.png","width":577,"height":433},{"@type":"BreadcrumbList","@id":"https:\/\/tiendasolidaria.fundabem.es\/?product=mochila-loneta-2#breadcrumb","itemListElement":[{"@type":"ListItem","position":1,"name":"Portada","item":"https:\/\/tiendasolidaria.fundabem.es\/"},{"@type":"ListItem","position":2,"name":"Shop","item":"https:\/\/tiendasolidaria.fundabem.es\/?page_id=10"},{"@type":"ListItem","position":3,"name":"Mochila Loneta 2"}]},{"@type":"WebSite","@id":"https:\/\/tiendasolidaria.fundabem.es\/#website","url":"https:\/\/tiendasolidaria.fundabem.es\/","name":"Tienda solidaria Fundabem","description":"Tienda solidaria Fundabem","publisher":{"@id":"https:\/\/tiendasolidaria.fundabem.es\/#organization"},"potentialAction":[{"@type":"SearchAction","target":{"@type":"EntryPoint","urlTemplate":"https:\/\/tiendasolidaria.fundabem.es\/?s={search_term_string}"},"query-input":"required name=search_term_string"}],"inLanguage":"es"},{"@type":"Organization","@id":"https:\/\/tiendasolidaria.fundabem.es\/#organization","name":"Tienda solidaria Fundabem","url":"https:\/\/tiendasolidaria.fundabem.es\/","logo":{"@type":"ImageObject","inLanguage":"es","@id":"https:\/\/tiendasolidaria.fundabem.es\/#\/schema\/logo\/image\/","url":"https:\/\/tiendasolidaria.fundabem.es\/wp-content\/uploads\/2024\/05\/Fundabem_logo_principal_RGB-01.png","contentUrl":"https:\/\/tiendasolidaria.fundabem.es\/wp-content\/uploads\/2024\/05\/Fundabem_logo_principal_RGB-01.png","width":1668,"height":1667,"caption":"Tienda solidaria Fundabem"},"image":{"@id":"https:\/\/tiendasolidaria.fundabem.es\/#\/schema\/logo\/image\/"},"sameAs":["https:\/\/www.facebook.com\/Fundabem-vila-102062591185727\/","https:\/\/x.com\/fundabem_avila","https:\/\/www.instagram.com\/fundabem_avila\/"]}]}},"_links":{"self":[{"href":"https:\/\/tiendasolidaria.fundabem.es\/index.php?rest_route=\/wp\/v2\/product\/11153","targetHints":{"allow":["GET"]}}],"collection":[{"href":"https:\/\/tiendasolidaria.fundabem.es\/index.php?rest_route=\/wp\/v2\/product"}],"about":[{"href":"https:\/\/tiendasolidaria.fundabem.es\/index.php?rest_route=\/wp\/v2\/types\/product"}],"replies":[{"embeddable":true,"href":"https:\/\/tiendasolidaria.fundabem.es\/index.php?rest_route=%2Fwp%2Fv2%2Fcomments&post=11153"}],"wp:featuredmedia":[{"embeddable":true,"href":"https:\/\/tiendasolidaria.fundabem.es\/index.php?rest_route=\/wp\/v2\/media\/243"}],"wp:attachment":[{"href":"https:\/\/tiendasolidaria.fundabem.es\/index.php?rest_route=%2Fwp%2Fv2%2Fmedia&parent=11153"}],"wp:term":[{"taxonomy":"product_cat","embeddable":true,"href":"https:\/\/tiendasolidaria.fundabem.es\/index.php?rest_route=%2Fwp%2Fv2%2Fproduct_cat&post=11153"},{"taxonomy":"product_tag","embeddable":true,"href":"https:\/\/tiendasolidaria.fundabem.es\/index.php?rest_route=%2Fwp%2Fv2%2Fproduct_tag&post=11153"}],"curies":[{"name":"wp","href":"https:\/\/api.w.org\/{rel}","templated":true}]}}