{"id":181,"date":"2024-03-08T09:34:48","date_gmt":"2024-03-08T09:34:48","guid":{"rendered":"https:\/\/tiendasolidaria.fundabem.es\/?post_type=product&#038;p=181"},"modified":"2024-04-22T07:21:27","modified_gmt":"2024-04-22T07:21:27","slug":"derramando-rosas","status":"publish","type":"product","link":"https:\/\/tiendasolidaria.fundabem.es\/?product=derramando-rosas","title":{"rendered":"Derramando Rosas"},"content":{"rendered":"<div id=\"detpestanias\">\n<div id=\"tabsinopsis\">\n<div id=\"detpestanias\">\n<div id=\"tabsinopsis\">\n<p class=\"bodytext\">Libro escrito por las\/os usuarias\/os de Fundabem, sus familias y escritores de La sombra del cipr\u00e9s<\/p>\n<\/div>\n<\/div>\n<p class=\"bodytext\">Editorial:<span class=\"nomesigas\" data-link=\"L2VzL2VkaXRvcmlhbC9lZGl0b3JpYWwtbXVuZG8tbGlicmUtbGlicm9zLzg0MTI4Lw==\">Editorial Mundo Libre Libros<\/span><\/p>\n<p class=\"bodytext\">A\u00f1o de edici\u00f3n:2022<\/p>\n<p class=\"bodytext\">ISBN:9788412596519<\/p>\n<\/div>\n<\/div>\n","protected":false},"excerpt":{"rendered":"<p>Libro escrito por las\/os usuarias\/os de Fundabem, sus familias y escritores de La sombra del cipr\u00e9s Editorial:Editorial Mundo Libre Libros A\u00f1o de edici\u00f3n:2022 ISBN:9788412596519<\/p>\n","protected":false},"featured_media":11171,"comment_status":"closed","ping_status":"closed","template":"","meta":[],"product_cat":[131],"product_tag":[],"class_list":{"0":"post-181","1":"product","2":"type-product","3":"status-publish","4":"has-post-thumbnail","6":"product_cat-libros","7":"product_shipping_class-paquete-pequeno","9":"first","10":"instock","11":"taxable","12":"shipping-taxable","13":"purchasable","14":"product-type-simple"},"yoast_head":"<!-- This site is optimized with the Yoast SEO plugin v22.6 - https:\/\/yoast.com\/wordpress\/plugins\/seo\/ -->\n<title>Derramando Rosas - Tienda solidaria Fundabem<\/title>\n<meta name=\"robots\" content=\"index, follow, max-snippet:-1, max-image-preview:large, max-video-preview:-1\" \/>\n<link rel=\"canonical\" href=\"https:\/\/tiendasolidaria.fundabem.es\/?product=derramando-rosas\" \/>\n<meta property=\"og:locale\" content=\"es_ES\" \/>\n<meta property=\"og:type\" content=\"article\" \/>\n<meta property=\"og:title\" content=\"Derramando Rosas - Tienda solidaria Fundabem\" \/>\n<meta property=\"og:description\" content=\"Libro escrito por las\/os usuarias\/os de Fundabem, sus familias y escritores de La sombra del cipr\u00e9s Editorial:Editorial Mundo Libre Libros A\u00f1o de edici\u00f3n:2022 ISBN:9788412596519\" \/>\n<meta property=\"og:url\" content=\"https:\/\/tiendasolidaria.fundabem.es\/?product=derramando-rosas\" \/>\n<meta property=\"og:site_name\" content=\"Tienda solidaria Fundabem\" \/>\n<meta property=\"article:publisher\" content=\"https:\/\/www.facebook.com\/Fundabem-vila-102062591185727\/\" \/>\n<meta property=\"article:modified_time\" content=\"2024-04-22T07:21:27+00:00\" \/>\n<meta property=\"og:image\" content=\"https:\/\/tiendasolidaria.fundabem.es\/wp-content\/uploads\/2024\/03\/9788412596519_f_675x675-1-1.jpg\" \/>\n\t<meta property=\"og:image:width\" content=\"435\" \/>\n\t<meta property=\"og:image:height\" content=\"675\" \/>\n\t<meta property=\"og:image:type\" content=\"image\/jpeg\" \/>\n<meta name=\"twitter:card\" content=\"summary_large_image\" \/>\n<meta name=\"twitter:site\" content=\"@fundabem_avila\" \/>\n<meta name=\"twitter:label1\" content=\"Tiempo de lectura\" \/>\n\t<meta name=\"twitter:data1\" content=\"1 minuto\" \/>\n<script type=\"application\/ld+json\" class=\"yoast-schema-graph\">{\"@context\":\"https:\/\/schema.org\",\"@graph\":[{\"@type\":\"WebPage\",\"@id\":\"https:\/\/tiendasolidaria.fundabem.es\/?product=derramando-rosas\",\"url\":\"https:\/\/tiendasolidaria.fundabem.es\/?product=derramando-rosas\",\"name\":\"Derramando Rosas - Tienda solidaria Fundabem\",\"isPartOf\":{\"@id\":\"https:\/\/tiendasolidaria.fundabem.es\/#website\"},\"primaryImageOfPage\":{\"@id\":\"https:\/\/tiendasolidaria.fundabem.es\/?product=derramando-rosas#primaryimage\"},\"image\":{\"@id\":\"https:\/\/tiendasolidaria.fundabem.es\/?product=derramando-rosas#primaryimage\"},\"thumbnailUrl\":\"https:\/\/tiendasolidaria.fundabem.es\/wp-content\/uploads\/2024\/03\/9788412596519_f_675x675-1-1.jpg\",\"datePublished\":\"2024-03-08T09:34:48+00:00\",\"dateModified\":\"2024-04-22T07:21:27+00:00\",\"breadcrumb\":{\"@id\":\"https:\/\/tiendasolidaria.fundabem.es\/?product=derramando-rosas#breadcrumb\"},\"inLanguage\":\"es\",\"potentialAction\":[{\"@type\":\"ReadAction\",\"target\":[\"https:\/\/tiendasolidaria.fundabem.es\/?product=derramando-rosas\"]}]},{\"@type\":\"ImageObject\",\"inLanguage\":\"es\",\"@id\":\"https:\/\/tiendasolidaria.fundabem.es\/?product=derramando-rosas#primaryimage\",\"url\":\"https:\/\/tiendasolidaria.fundabem.es\/wp-content\/uploads\/2024\/03\/9788412596519_f_675x675-1-1.jpg\",\"contentUrl\":\"https:\/\/tiendasolidaria.fundabem.es\/wp-content\/uploads\/2024\/03\/9788412596519_f_675x675-1-1.jpg\",\"width\":435,\"height\":675},{\"@type\":\"BreadcrumbList\",\"@id\":\"https:\/\/tiendasolidaria.fundabem.es\/?product=derramando-rosas#breadcrumb\",\"itemListElement\":[{\"@type\":\"ListItem\",\"position\":1,\"name\":\"Portada\",\"item\":\"https:\/\/tiendasolidaria.fundabem.es\/\"},{\"@type\":\"ListItem\",\"position\":2,\"name\":\"Shop\",\"item\":\"https:\/\/tiendasolidaria.fundabem.es\/?page_id=10\"},{\"@type\":\"ListItem\",\"position\":3,\"name\":\"Derramando Rosas\"}]},{\"@type\":\"WebSite\",\"@id\":\"https:\/\/tiendasolidaria.fundabem.es\/#website\",\"url\":\"https:\/\/tiendasolidaria.fundabem.es\/\",\"name\":\"Tienda solidaria Fundabem\",\"description\":\"Tienda solidaria Fundabem\",\"publisher\":{\"@id\":\"https:\/\/tiendasolidaria.fundabem.es\/#organization\"},\"potentialAction\":[{\"@type\":\"SearchAction\",\"target\":{\"@type\":\"EntryPoint\",\"urlTemplate\":\"https:\/\/tiendasolidaria.fundabem.es\/?s={search_term_string}\"},\"query-input\":\"required name=search_term_string\"}],\"inLanguage\":\"es\"},{\"@type\":\"Organization\",\"@id\":\"https:\/\/tiendasolidaria.fundabem.es\/#organization\",\"name\":\"Tienda solidaria Fundabem\",\"url\":\"https:\/\/tiendasolidaria.fundabem.es\/\",\"logo\":{\"@type\":\"ImageObject\",\"inLanguage\":\"es\",\"@id\":\"https:\/\/tiendasolidaria.fundabem.es\/#\/schema\/logo\/image\/\",\"url\":\"https:\/\/tiendasolidaria.fundabem.es\/wp-content\/uploads\/2024\/05\/Fundabem_logo_principal_RGB-01.png\",\"contentUrl\":\"https:\/\/tiendasolidaria.fundabem.es\/wp-content\/uploads\/2024\/05\/Fundabem_logo_principal_RGB-01.png\",\"width\":1668,\"height\":1667,\"caption\":\"Tienda solidaria Fundabem\"},\"image\":{\"@id\":\"https:\/\/tiendasolidaria.fundabem.es\/#\/schema\/logo\/image\/\"},\"sameAs\":[\"https:\/\/www.facebook.com\/Fundabem-vila-102062591185727\/\",\"https:\/\/x.com\/fundabem_avila\",\"https:\/\/www.instagram.com\/fundabem_avila\/\"]}]}<\/script>\n<!-- \/ Yoast SEO plugin. -->","yoast_head_json":{"title":"Derramando Rosas - Tienda solidaria Fundabem","robots":{"index":"index","follow":"follow","max-snippet":"max-snippet:-1","max-image-preview":"max-image-preview:large","max-video-preview":"max-video-preview:-1"},"canonical":"https:\/\/tiendasolidaria.fundabem.es\/?product=derramando-rosas","og_locale":"es_ES","og_type":"article","og_title":"Derramando Rosas - Tienda solidaria Fundabem","og_description":"Libro escrito por las\/os usuarias\/os de Fundabem, sus familias y escritores de La sombra del cipr\u00e9s Editorial:Editorial Mundo Libre Libros A\u00f1o de edici\u00f3n:2022 ISBN:9788412596519","og_url":"https:\/\/tiendasolidaria.fundabem.es\/?product=derramando-rosas","og_site_name":"Tienda solidaria Fundabem","article_publisher":"https:\/\/www.facebook.com\/Fundabem-vila-102062591185727\/","article_modified_time":"2024-04-22T07:21:27+00:00","og_image":[{"width":435,"height":675,"url":"https:\/\/tiendasolidaria.fundabem.es\/wp-content\/uploads\/2024\/03\/9788412596519_f_675x675-1-1.jpg","type":"image\/jpeg"}],"twitter_card":"summary_large_image","twitter_site":"@fundabem_avila","twitter_misc":{"Tiempo de lectura":"1 minuto"},"schema":{"@context":"https:\/\/schema.org","@graph":[{"@type":"WebPage","@id":"https:\/\/tiendasolidaria.fundabem.es\/?product=derramando-rosas","url":"https:\/\/tiendasolidaria.fundabem.es\/?product=derramando-rosas","name":"Derramando Rosas - Tienda solidaria Fundabem","isPartOf":{"@id":"https:\/\/tiendasolidaria.fundabem.es\/#website"},"primaryImageOfPage":{"@id":"https:\/\/tiendasolidaria.fundabem.es\/?product=derramando-rosas#primaryimage"},"image":{"@id":"https:\/\/tiendasolidaria.fundabem.es\/?product=derramando-rosas#primaryimage"},"thumbnailUrl":"https:\/\/tiendasolidaria.fundabem.es\/wp-content\/uploads\/2024\/03\/9788412596519_f_675x675-1-1.jpg","datePublished":"2024-03-08T09:34:48+00:00","dateModified":"2024-04-22T07:21:27+00:00","breadcrumb":{"@id":"https:\/\/tiendasolidaria.fundabem.es\/?product=derramando-rosas#breadcrumb"},"inLanguage":"es","potentialAction":[{"@type":"ReadAction","target":["https:\/\/tiendasolidaria.fundabem.es\/?product=derramando-rosas"]}]},{"@type":"ImageObject","inLanguage":"es","@id":"https:\/\/tiendasolidaria.fundabem.es\/?product=derramando-rosas#primaryimage","url":"https:\/\/tiendasolidaria.fundabem.es\/wp-content\/uploads\/2024\/03\/9788412596519_f_675x675-1-1.jpg","contentUrl":"https:\/\/tiendasolidaria.fundabem.es\/wp-content\/uploads\/2024\/03\/9788412596519_f_675x675-1-1.jpg","width":435,"height":675},{"@type":"BreadcrumbList","@id":"https:\/\/tiendasolidaria.fundabem.es\/?product=derramando-rosas#breadcrumb","itemListElement":[{"@type":"ListItem","position":1,"name":"Portada","item":"https:\/\/tiendasolidaria.fundabem.es\/"},{"@type":"ListItem","position":2,"name":"Shop","item":"https:\/\/tiendasolidaria.fundabem.es\/?page_id=10"},{"@type":"ListItem","position":3,"name":"Derramando Rosas"}]},{"@type":"WebSite","@id":"https:\/\/tiendasolidaria.fundabem.es\/#website","url":"https:\/\/tiendasolidaria.fundabem.es\/","name":"Tienda solidaria Fundabem","description":"Tienda solidaria Fundabem","publisher":{"@id":"https:\/\/tiendasolidaria.fundabem.es\/#organization"},"potentialAction":[{"@type":"SearchAction","target":{"@type":"EntryPoint","urlTemplate":"https:\/\/tiendasolidaria.fundabem.es\/?s={search_term_string}"},"query-input":"required name=search_term_string"}],"inLanguage":"es"},{"@type":"Organization","@id":"https:\/\/tiendasolidaria.fundabem.es\/#organization","name":"Tienda solidaria Fundabem","url":"https:\/\/tiendasolidaria.fundabem.es\/","logo":{"@type":"ImageObject","inLanguage":"es","@id":"https:\/\/tiendasolidaria.fundabem.es\/#\/schema\/logo\/image\/","url":"https:\/\/tiendasolidaria.fundabem.es\/wp-content\/uploads\/2024\/05\/Fundabem_logo_principal_RGB-01.png","contentUrl":"https:\/\/tiendasolidaria.fundabem.es\/wp-content\/uploads\/2024\/05\/Fundabem_logo_principal_RGB-01.png","width":1668,"height":1667,"caption":"Tienda solidaria Fundabem"},"image":{"@id":"https:\/\/tiendasolidaria.fundabem.es\/#\/schema\/logo\/image\/"},"sameAs":["https:\/\/www.facebook.com\/Fundabem-vila-102062591185727\/","https:\/\/x.com\/fundabem_avila","https:\/\/www.instagram.com\/fundabem_avila\/"]}]}},"_links":{"self":[{"href":"https:\/\/tiendasolidaria.fundabem.es\/index.php?rest_route=\/wp\/v2\/product\/181","targetHints":{"allow":["GET"]}}],"collection":[{"href":"https:\/\/tiendasolidaria.fundabem.es\/index.php?rest_route=\/wp\/v2\/product"}],"about":[{"href":"https:\/\/tiendasolidaria.fundabem.es\/index.php?rest_route=\/wp\/v2\/types\/product"}],"replies":[{"embeddable":true,"href":"https:\/\/tiendasolidaria.fundabem.es\/index.php?rest_route=%2Fwp%2Fv2%2Fcomments&post=181"}],"wp:featuredmedia":[{"embeddable":true,"href":"https:\/\/tiendasolidaria.fundabem.es\/index.php?rest_route=\/wp\/v2\/media\/11171"}],"wp:attachment":[{"href":"https:\/\/tiendasolidaria.fundabem.es\/index.php?rest_route=%2Fwp%2Fv2%2Fmedia&parent=181"}],"wp:term":[{"taxonomy":"product_cat","embeddable":true,"href":"https:\/\/tiendasolidaria.fundabem.es\/index.php?rest_route=%2Fwp%2Fv2%2Fproduct_cat&post=181"},{"taxonomy":"product_tag","embeddable":true,"href":"https:\/\/tiendasolidaria.fundabem.es\/index.php?rest_route=%2Fwp%2Fv2%2Fproduct_tag&post=181"}],"curies":[{"name":"wp","href":"https:\/\/api.w.org\/{rel}","templated":true}]}}