{"id":41,"date":"2024-03-08T08:15:04","date_gmt":"2024-03-08T08:15:04","guid":{"rendered":"https:\/\/tiendasolidaria.fundabem.es\/?post_type=product&#038;p=41"},"modified":"2024-04-15T12:18:31","modified_gmt":"2024-04-15T12:18:31","slug":"funda-para-agenda","status":"publish","type":"product","link":"https:\/\/tiendasolidaria.fundabem.es\/?product=funda-para-agenda","title":{"rendered":"Funda para agenda"},"content":{"rendered":"<p>Nuestra agenda, donde plasmamos pensamientos e ideas, guardamos fechas de cumplea\u00f1os y especiales, citas importantes y donde organizamos nuestro d\u00eda a d\u00eda. Ll\u00e9vala protegida con nuestra funda hecha a mano y, si quieres hacerla todav\u00eda m\u00e1s especial, personal\u00edzala con tu inicial o tu nombre.<\/p>\n<p>Todos nuestros productos est\u00e1n hechos a mano por personas con discapacidad. Ayudamos a trabajar por la igualdad y la inclusi\u00f3n de las personas con discapacidad.<\/p>\n","protected":false},"excerpt":{"rendered":"<p>Nuestra agenda, donde plasmamos pensamientos e ideas, guardamos fechas de cumplea\u00f1os y especiales, citas importantes y donde organizamos nuestro d\u00eda a d\u00eda. Ll\u00e9vala protegida con nuestra funda hecha a mano y, si quieres hacerla todav\u00eda m\u00e1s especial, personal\u00edzala con tu inicial o tu nombre. Todos nuestros productos est\u00e1n hechos a mano por personas con discapacidad. &hellip;<\/p>\n","protected":false},"featured_media":403,"comment_status":"open","ping_status":"closed","template":"","meta":[],"product_cat":[18],"product_tag":[],"class_list":{"0":"post-41","1":"product","2":"type-product","3":"status-publish","4":"has-post-thumbnail","6":"product_cat-a","7":"product_shipping_class-paquete-mediano","9":"first","10":"instock","11":"taxable","12":"shipping-taxable","13":"purchasable","14":"product-type-simple"},"yoast_head":"<!-- This site is optimized with the Yoast SEO plugin v22.6 - https:\/\/yoast.com\/wordpress\/plugins\/seo\/ -->\n<title>Funda para agenda - Tienda solidaria Fundabem<\/title>\n<meta name=\"robots\" content=\"index, follow, max-snippet:-1, max-image-preview:large, max-video-preview:-1\" \/>\n<link rel=\"canonical\" href=\"https:\/\/tiendasolidaria.fundabem.es\/?product=funda-para-agenda\" \/>\n<meta property=\"og:locale\" content=\"es_ES\" \/>\n<meta property=\"og:type\" content=\"article\" \/>\n<meta property=\"og:title\" content=\"Funda para agenda - Tienda solidaria Fundabem\" \/>\n<meta property=\"og:description\" content=\"Nuestra agenda, donde plasmamos pensamientos e ideas, guardamos fechas de cumplea\u00f1os y especiales, citas importantes y donde organizamos nuestro d\u00eda a d\u00eda. Ll\u00e9vala protegida con nuestra funda hecha a mano y, si quieres hacerla todav\u00eda m\u00e1s especial, personal\u00edzala con tu inicial o tu nombre. Todos nuestros productos est\u00e1n hechos a mano por personas con discapacidad. &hellip;\" \/>\n<meta property=\"og:url\" content=\"https:\/\/tiendasolidaria.fundabem.es\/?product=funda-para-agenda\" \/>\n<meta property=\"og:site_name\" content=\"Tienda solidaria Fundabem\" \/>\n<meta property=\"article:publisher\" content=\"https:\/\/www.facebook.com\/Fundabem-vila-102062591185727\/\" \/>\n<meta property=\"article:modified_time\" content=\"2024-04-15T12:18:31+00:00\" \/>\n<meta property=\"og:image\" content=\"https:\/\/tiendasolidaria.fundabem.es\/wp-content\/uploads\/2024\/03\/11022021-_MG_7503-removebg-previ.png\" \/>\n\t<meta property=\"og:image:width\" content=\"508\" \/>\n\t<meta property=\"og:image:height\" content=\"491\" \/>\n\t<meta property=\"og:image:type\" content=\"image\/png\" \/>\n<meta name=\"twitter:card\" content=\"summary_large_image\" \/>\n<meta name=\"twitter:site\" content=\"@fundabem_avila\" \/>\n<script type=\"application\/ld+json\" class=\"yoast-schema-graph\">{\"@context\":\"https:\/\/schema.org\",\"@graph\":[{\"@type\":\"WebPage\",\"@id\":\"https:\/\/tiendasolidaria.fundabem.es\/?product=funda-para-agenda\",\"url\":\"https:\/\/tiendasolidaria.fundabem.es\/?product=funda-para-agenda\",\"name\":\"Funda para agenda - Tienda solidaria Fundabem\",\"isPartOf\":{\"@id\":\"https:\/\/tiendasolidaria.fundabem.es\/#website\"},\"primaryImageOfPage\":{\"@id\":\"https:\/\/tiendasolidaria.fundabem.es\/?product=funda-para-agenda#primaryimage\"},\"image\":{\"@id\":\"https:\/\/tiendasolidaria.fundabem.es\/?product=funda-para-agenda#primaryimage\"},\"thumbnailUrl\":\"https:\/\/tiendasolidaria.fundabem.es\/wp-content\/uploads\/2024\/03\/11022021-_MG_7503-removebg-previ.png\",\"datePublished\":\"2024-03-08T08:15:04+00:00\",\"dateModified\":\"2024-04-15T12:18:31+00:00\",\"breadcrumb\":{\"@id\":\"https:\/\/tiendasolidaria.fundabem.es\/?product=funda-para-agenda#breadcrumb\"},\"inLanguage\":\"es\",\"potentialAction\":[{\"@type\":\"ReadAction\",\"target\":[\"https:\/\/tiendasolidaria.fundabem.es\/?product=funda-para-agenda\"]}]},{\"@type\":\"ImageObject\",\"inLanguage\":\"es\",\"@id\":\"https:\/\/tiendasolidaria.fundabem.es\/?product=funda-para-agenda#primaryimage\",\"url\":\"https:\/\/tiendasolidaria.fundabem.es\/wp-content\/uploads\/2024\/03\/11022021-_MG_7503-removebg-previ.png\",\"contentUrl\":\"https:\/\/tiendasolidaria.fundabem.es\/wp-content\/uploads\/2024\/03\/11022021-_MG_7503-removebg-previ.png\",\"width\":508,\"height\":491},{\"@type\":\"BreadcrumbList\",\"@id\":\"https:\/\/tiendasolidaria.fundabem.es\/?product=funda-para-agenda#breadcrumb\",\"itemListElement\":[{\"@type\":\"ListItem\",\"position\":1,\"name\":\"Portada\",\"item\":\"https:\/\/tiendasolidaria.fundabem.es\/\"},{\"@type\":\"ListItem\",\"position\":2,\"name\":\"Shop\",\"item\":\"https:\/\/tiendasolidaria.fundabem.es\/?page_id=10\"},{\"@type\":\"ListItem\",\"position\":3,\"name\":\"Funda para agenda\"}]},{\"@type\":\"WebSite\",\"@id\":\"https:\/\/tiendasolidaria.fundabem.es\/#website\",\"url\":\"https:\/\/tiendasolidaria.fundabem.es\/\",\"name\":\"Tienda solidaria Fundabem\",\"description\":\"Tienda solidaria Fundabem\",\"publisher\":{\"@id\":\"https:\/\/tiendasolidaria.fundabem.es\/#organization\"},\"potentialAction\":[{\"@type\":\"SearchAction\",\"target\":{\"@type\":\"EntryPoint\",\"urlTemplate\":\"https:\/\/tiendasolidaria.fundabem.es\/?s={search_term_string}\"},\"query-input\":\"required name=search_term_string\"}],\"inLanguage\":\"es\"},{\"@type\":\"Organization\",\"@id\":\"https:\/\/tiendasolidaria.fundabem.es\/#organization\",\"name\":\"Tienda solidaria Fundabem\",\"url\":\"https:\/\/tiendasolidaria.fundabem.es\/\",\"logo\":{\"@type\":\"ImageObject\",\"inLanguage\":\"es\",\"@id\":\"https:\/\/tiendasolidaria.fundabem.es\/#\/schema\/logo\/image\/\",\"url\":\"https:\/\/tiendasolidaria.fundabem.es\/wp-content\/uploads\/2024\/05\/Fundabem_logo_principal_RGB-01.png\",\"contentUrl\":\"https:\/\/tiendasolidaria.fundabem.es\/wp-content\/uploads\/2024\/05\/Fundabem_logo_principal_RGB-01.png\",\"width\":1668,\"height\":1667,\"caption\":\"Tienda solidaria Fundabem\"},\"image\":{\"@id\":\"https:\/\/tiendasolidaria.fundabem.es\/#\/schema\/logo\/image\/\"},\"sameAs\":[\"https:\/\/www.facebook.com\/Fundabem-vila-102062591185727\/\",\"https:\/\/x.com\/fundabem_avila\",\"https:\/\/www.instagram.com\/fundabem_avila\/\"]}]}<\/script>\n<!-- \/ Yoast SEO plugin. -->","yoast_head_json":{"title":"Funda para agenda - Tienda solidaria Fundabem","robots":{"index":"index","follow":"follow","max-snippet":"max-snippet:-1","max-image-preview":"max-image-preview:large","max-video-preview":"max-video-preview:-1"},"canonical":"https:\/\/tiendasolidaria.fundabem.es\/?product=funda-para-agenda","og_locale":"es_ES","og_type":"article","og_title":"Funda para agenda - Tienda solidaria Fundabem","og_description":"Nuestra agenda, donde plasmamos pensamientos e ideas, guardamos fechas de cumplea\u00f1os y especiales, citas importantes y donde organizamos nuestro d\u00eda a d\u00eda. Ll\u00e9vala protegida con nuestra funda hecha a mano y, si quieres hacerla todav\u00eda m\u00e1s especial, personal\u00edzala con tu inicial o tu nombre. Todos nuestros productos est\u00e1n hechos a mano por personas con discapacidad. &hellip;","og_url":"https:\/\/tiendasolidaria.fundabem.es\/?product=funda-para-agenda","og_site_name":"Tienda solidaria Fundabem","article_publisher":"https:\/\/www.facebook.com\/Fundabem-vila-102062591185727\/","article_modified_time":"2024-04-15T12:18:31+00:00","og_image":[{"width":508,"height":491,"url":"https:\/\/tiendasolidaria.fundabem.es\/wp-content\/uploads\/2024\/03\/11022021-_MG_7503-removebg-previ.png","type":"image\/png"}],"twitter_card":"summary_large_image","twitter_site":"@fundabem_avila","schema":{"@context":"https:\/\/schema.org","@graph":[{"@type":"WebPage","@id":"https:\/\/tiendasolidaria.fundabem.es\/?product=funda-para-agenda","url":"https:\/\/tiendasolidaria.fundabem.es\/?product=funda-para-agenda","name":"Funda para agenda - Tienda solidaria Fundabem","isPartOf":{"@id":"https:\/\/tiendasolidaria.fundabem.es\/#website"},"primaryImageOfPage":{"@id":"https:\/\/tiendasolidaria.fundabem.es\/?product=funda-para-agenda#primaryimage"},"image":{"@id":"https:\/\/tiendasolidaria.fundabem.es\/?product=funda-para-agenda#primaryimage"},"thumbnailUrl":"https:\/\/tiendasolidaria.fundabem.es\/wp-content\/uploads\/2024\/03\/11022021-_MG_7503-removebg-previ.png","datePublished":"2024-03-08T08:15:04+00:00","dateModified":"2024-04-15T12:18:31+00:00","breadcrumb":{"@id":"https:\/\/tiendasolidaria.fundabem.es\/?product=funda-para-agenda#breadcrumb"},"inLanguage":"es","potentialAction":[{"@type":"ReadAction","target":["https:\/\/tiendasolidaria.fundabem.es\/?product=funda-para-agenda"]}]},{"@type":"ImageObject","inLanguage":"es","@id":"https:\/\/tiendasolidaria.fundabem.es\/?product=funda-para-agenda#primaryimage","url":"https:\/\/tiendasolidaria.fundabem.es\/wp-content\/uploads\/2024\/03\/11022021-_MG_7503-removebg-previ.png","contentUrl":"https:\/\/tiendasolidaria.fundabem.es\/wp-content\/uploads\/2024\/03\/11022021-_MG_7503-removebg-previ.png","width":508,"height":491},{"@type":"BreadcrumbList","@id":"https:\/\/tiendasolidaria.fundabem.es\/?product=funda-para-agenda#breadcrumb","itemListElement":[{"@type":"ListItem","position":1,"name":"Portada","item":"https:\/\/tiendasolidaria.fundabem.es\/"},{"@type":"ListItem","position":2,"name":"Shop","item":"https:\/\/tiendasolidaria.fundabem.es\/?page_id=10"},{"@type":"ListItem","position":3,"name":"Funda para agenda"}]},{"@type":"WebSite","@id":"https:\/\/tiendasolidaria.fundabem.es\/#website","url":"https:\/\/tiendasolidaria.fundabem.es\/","name":"Tienda solidaria Fundabem","description":"Tienda solidaria Fundabem","publisher":{"@id":"https:\/\/tiendasolidaria.fundabem.es\/#organization"},"potentialAction":[{"@type":"SearchAction","target":{"@type":"EntryPoint","urlTemplate":"https:\/\/tiendasolidaria.fundabem.es\/?s={search_term_string}"},"query-input":"required name=search_term_string"}],"inLanguage":"es"},{"@type":"Organization","@id":"https:\/\/tiendasolidaria.fundabem.es\/#organization","name":"Tienda solidaria Fundabem","url":"https:\/\/tiendasolidaria.fundabem.es\/","logo":{"@type":"ImageObject","inLanguage":"es","@id":"https:\/\/tiendasolidaria.fundabem.es\/#\/schema\/logo\/image\/","url":"https:\/\/tiendasolidaria.fundabem.es\/wp-content\/uploads\/2024\/05\/Fundabem_logo_principal_RGB-01.png","contentUrl":"https:\/\/tiendasolidaria.fundabem.es\/wp-content\/uploads\/2024\/05\/Fundabem_logo_principal_RGB-01.png","width":1668,"height":1667,"caption":"Tienda solidaria Fundabem"},"image":{"@id":"https:\/\/tiendasolidaria.fundabem.es\/#\/schema\/logo\/image\/"},"sameAs":["https:\/\/www.facebook.com\/Fundabem-vila-102062591185727\/","https:\/\/x.com\/fundabem_avila","https:\/\/www.instagram.com\/fundabem_avila\/"]}]}},"_links":{"self":[{"href":"https:\/\/tiendasolidaria.fundabem.es\/index.php?rest_route=\/wp\/v2\/product\/41","targetHints":{"allow":["GET"]}}],"collection":[{"href":"https:\/\/tiendasolidaria.fundabem.es\/index.php?rest_route=\/wp\/v2\/product"}],"about":[{"href":"https:\/\/tiendasolidaria.fundabem.es\/index.php?rest_route=\/wp\/v2\/types\/product"}],"replies":[{"embeddable":true,"href":"https:\/\/tiendasolidaria.fundabem.es\/index.php?rest_route=%2Fwp%2Fv2%2Fcomments&post=41"}],"wp:featuredmedia":[{"embeddable":true,"href":"https:\/\/tiendasolidaria.fundabem.es\/index.php?rest_route=\/wp\/v2\/media\/403"}],"wp:attachment":[{"href":"https:\/\/tiendasolidaria.fundabem.es\/index.php?rest_route=%2Fwp%2Fv2%2Fmedia&parent=41"}],"wp:term":[{"taxonomy":"product_cat","embeddable":true,"href":"https:\/\/tiendasolidaria.fundabem.es\/index.php?rest_route=%2Fwp%2Fv2%2Fproduct_cat&post=41"},{"taxonomy":"product_tag","embeddable":true,"href":"https:\/\/tiendasolidaria.fundabem.es\/index.php?rest_route=%2Fwp%2Fv2%2Fproduct_tag&post=41"}],"curies":[{"name":"wp","href":"https:\/\/api.w.org\/{rel}","templated":true}]}}